{"id":788,"date":"2024-11-04T15:35:45","date_gmt":"2024-11-04T15:35:45","guid":{"rendered":"https:\/\/fleets.sequeldev.nl\/?page_id=788"},"modified":"2026-03-18T15:01:06","modified_gmt":"2026-03-18T15:01:06","slug":"oplossingen","status":"publish","type":"page","link":"https:\/\/fleets-online.com\/en\/oplossingen\/","title":{"rendered":"Solutions"},"content":{"rendered":"<section id=\"hero-block_5d5e34d6f3b1eb8a2361a18f8a80019a\" class=\"align-items-top align-text-left\">\n    <div class=\"container\">\n        <div class=\"row\">\n            <div class='col-6 --animate-from-top'>\n                <div class=\"text-container\">\n                    <h1 class=\"h2\">Our solutions<\/h1>\n<p>Ontdek onze innovatieve oplossingen die processen stroomlijnen, effici\u00ebntie verhogen en jouw bedrijf naar een hoger niveau tillen. Van gebruiksvriendelijke software tot slimme automatisering \u2013 wij helpen je vooruit.<\/p>\n<p>Ontdek welke oplossing bij jouw branche past.<\/p>\n\n                    <div class=\"button-wrapper\">\n                        <a href=\"https:\/\/fleets-online.com\/en\/branches\/\" target=\"\" class=\"button button-transparent\">Bekijk branches<\/a>                                            <\/div>\n                <\/div>\n            <\/div>\n\n            <div class='col-6 --animate-from-right'>\n                            <\/div>\n        <\/div>\n    <\/div>\n    <div class=\"background --animate-from-back\">\n        <div class=\"image-container\"><img loading=\"lazy\" decoding=\"async\" width=\"1000\" height=\"667\" src=\"https:\/\/fleets-online.com\/wp-content\/uploads\/2025\/02\/Meeting-1000x667.jpg\" class=\"attachment-sq-md size-sq-md\" alt=\"\" srcset=\"https:\/\/fleets-online.com\/wp-content\/uploads\/2025\/02\/Meeting-1000x667.jpg 1000w, https:\/\/fleets-online.com\/wp-content\/uploads\/2025\/02\/Meeting-300x200.jpg 300w, https:\/\/fleets-online.com\/wp-content\/uploads\/2025\/02\/Meeting-1024x683.jpg 1024w, https:\/\/fleets-online.com\/wp-content\/uploads\/2025\/02\/Meeting-768x512.jpg 768w, https:\/\/fleets-online.com\/wp-content\/uploads\/2025\/02\/Meeting-1536x1024.jpg 1536w, https:\/\/fleets-online.com\/wp-content\/uploads\/2025\/02\/Meeting-50x33.jpg 50w, https:\/\/fleets-online.com\/wp-content\/uploads\/2025\/02\/Meeting.jpg 1920w\" sizes=\"auto, (max-width: 1000px) 100vw, 1000px\" \/><\/div>    <\/div>\n<\/section>\n\n\n<section id=\"applications-slider-block_0fbda9eac8e2ae07985184666096a4e4\" class=\"grey-block white-block custom-slider clickable-box align-items-top align-text-left\">\n    <div class=\"container\">\n        <div class=\"row\">\n            <div class=\"col-12 --animate-from-back\">\n                \n                <div class=\"applications-slider\">\n                    <div class='slide'><div class='image-wrapper'><div class=\"image-container\"><img loading=\"lazy\" decoding=\"async\" width=\"1000\" height=\"563\" src=\"https:\/\/fleets-online.com\/wp-content\/uploads\/2025\/01\/schermmap-1000x563.jpg\" class=\"attachment-sq-md size-sq-md\" alt=\"\" srcset=\"https:\/\/fleets-online.com\/wp-content\/uploads\/2025\/01\/schermmap-1000x563.jpg 1000w, https:\/\/fleets-online.com\/wp-content\/uploads\/2025\/01\/schermmap-300x169.jpg 300w, https:\/\/fleets-online.com\/wp-content\/uploads\/2025\/01\/schermmap-1024x576.jpg 1024w, https:\/\/fleets-online.com\/wp-content\/uploads\/2025\/01\/schermmap-768x432.jpg 768w, https:\/\/fleets-online.com\/wp-content\/uploads\/2025\/01\/schermmap-1536x864.jpg 1536w, https:\/\/fleets-online.com\/wp-content\/uploads\/2025\/01\/schermmap-2048x1152.jpg 2048w, https:\/\/fleets-online.com\/wp-content\/uploads\/2025\/01\/schermmap-2000x1125.jpg 2000w, https:\/\/fleets-online.com\/wp-content\/uploads\/2025\/01\/schermmap-50x28.jpg 50w\" sizes=\"auto, (max-width: 1000px) 100vw, 1000px\" \/><\/div><\/div><div class='text-wrapper'><h2><a href=\"https:\/\/fleets-online.com\/en\/oplossing\/fleetmanagement\/\">Fleet management<\/a><\/h2>\n<\/div><\/div><div class='slide'><div class='image-wrapper'><div class=\"image-container\"><img loading=\"lazy\" decoding=\"async\" width=\"1000\" height=\"668\" src=\"https:\/\/fleets-online.com\/wp-content\/uploads\/2024\/10\/trekkah-1000x668.jpg\" class=\"attachment-sq-md size-sq-md\" alt=\"\" srcset=\"https:\/\/fleets-online.com\/wp-content\/uploads\/2024\/10\/trekkah-1000x668.jpg 1000w, https:\/\/fleets-online.com\/wp-content\/uploads\/2024\/10\/trekkah-300x200.jpg 300w, https:\/\/fleets-online.com\/wp-content\/uploads\/2024\/10\/trekkah-1024x684.jpg 1024w, https:\/\/fleets-online.com\/wp-content\/uploads\/2024\/10\/trekkah-768x513.jpg 768w, https:\/\/fleets-online.com\/wp-content\/uploads\/2024\/10\/trekkah-1536x1026.jpg 1536w, https:\/\/fleets-online.com\/wp-content\/uploads\/2024\/10\/trekkah-2048x1368.jpg 2048w, https:\/\/fleets-online.com\/wp-content\/uploads\/2024\/10\/trekkah-2000x1336.jpg 2000w, https:\/\/fleets-online.com\/wp-content\/uploads\/2024\/10\/trekkah-50x33.jpg 50w\" sizes=\"auto, (max-width: 1000px) 100vw, 1000px\" \/><\/div><\/div><div class='text-wrapper'><h2><a href=\"https:\/\/fleets-online.com\/en\/oplossing\/assetmanagement\/\">Asset management<\/a><\/h2>\n<\/div><\/div><div class='slide'><div class='image-wrapper'><div class=\"image-container\"><img loading=\"lazy\" decoding=\"async\" width=\"1000\" height=\"1000\" src=\"https:\/\/fleets-online.com\/wp-content\/uploads\/2024\/10\/scherm-1000x1000.jpg\" class=\"attachment-sq-md size-sq-md\" alt=\"\" srcset=\"https:\/\/fleets-online.com\/wp-content\/uploads\/2024\/10\/scherm-1000x1000.jpg 1000w, https:\/\/fleets-online.com\/wp-content\/uploads\/2024\/10\/scherm-300x300.jpg 300w, https:\/\/fleets-online.com\/wp-content\/uploads\/2024\/10\/scherm-1024x1024.jpg 1024w, https:\/\/fleets-online.com\/wp-content\/uploads\/2024\/10\/scherm-150x150.jpg 150w, https:\/\/fleets-online.com\/wp-content\/uploads\/2024\/10\/scherm-768x768.jpg 768w, https:\/\/fleets-online.com\/wp-content\/uploads\/2024\/10\/scherm-1536x1536.jpg 1536w, https:\/\/fleets-online.com\/wp-content\/uploads\/2024\/10\/scherm-2000x2000.jpg 2000w, https:\/\/fleets-online.com\/wp-content\/uploads\/2024\/10\/scherm-50x50.jpg 50w, https:\/\/fleets-online.com\/wp-content\/uploads\/2024\/10\/scherm-400x400.jpg 400w, https:\/\/fleets-online.com\/wp-content\/uploads\/2024\/10\/scherm-600x600.jpg 600w, https:\/\/fleets-online.com\/wp-content\/uploads\/2024\/10\/scherm.jpg 2048w\" sizes=\"auto, (max-width: 1000px) 100vw, 1000px\" \/><\/div><\/div><div class='text-wrapper'><h2><a href=\"https:\/\/fleets-online.com\/en\/oplossing\/digitale-planning-en-urenregistratie\/\">Digital planning and time registration<\/a><\/h2>\n<\/div><\/div>                <\/div>\n            <\/div>\n\n            <div class=\"col-12\">\n                <div class=\"button-wrapper\">\n                                                        <\/div>\n            <\/div>\n        <\/div>\n    <\/div>\n<\/section>\n\n\n<section id=\"text-block_8bc97f9e62e8cd1030c79e170437c5d1\" class=\"--in-viewport align-items-top align-text-center\">\n    \n    <div class=\"container\">\n        <div class=\"row\">\n                        <div class='col-12 --animate-from-top'>\n                <div class=\"text-wrapper one-column\">\n                    <p>Wil je weten welke oplossing voor jouw organisatie geschikt is? Bekijk hier onze oplossingen per branche.<\/p>\n\n                    \n                    <div class=\"button-wrapper primary-buttons\">\n                        <a href=\"https:\/\/fleets-online.com\/en\/branches\/\" target=\"\" class=\"button\">Bekijk branches<\/a>                                            <\/div>\n                <\/div>\n            <\/div>\n                    <\/div>\n    <\/div>\n<\/section>","protected":false},"excerpt":{"rendered":"","protected":false},"author":2,"featured_media":0,"parent":0,"menu_order":0,"comment_status":"closed","ping_status":"closed","template":"page-home.php","meta":{"_acf_changed":false,"footnotes":""},"class_list":["post-788","page","type-page","status-publish","hentry"],"acf":[],"yoast_head":"<!-- This site is optimized with the Yoast SEO plugin v27.3 - https:\/\/yoast.com\/product\/yoast-seo-wordpress\/ -->\n<title>Fleets-Online - E\u00e9n platform voor jouw complete fleetmanagement - Fleets-Online<\/title>\n<meta name=\"description\" content=\"Manage jouw mobiele bedrijfsmiddelen met \u00e9\u00e9n overkoepelend platform. \u2713Eigen dashboard \u2713Realtime inzicht \u2713Eenvoudig meten en analyseren\" \/>\n<meta name=\"robots\" content=\"index, follow, max-snippet:-1, max-image-preview:large, max-video-preview:-1\" \/>\n<link rel=\"canonical\" href=\"https:\/\/fleets-online.com\/en\/oplossingen\/\" \/>\n<meta property=\"og:locale\" content=\"en_US\" \/>\n<meta property=\"og:type\" content=\"article\" \/>\n<meta property=\"og:title\" content=\"Fleets-Online - E\u00e9n platform voor jouw complete fleetmanagement - Fleets-Online\" \/>\n<meta property=\"og:description\" content=\"Manage jouw mobiele bedrijfsmiddelen met \u00e9\u00e9n overkoepelend platform. \u2713Eigen dashboard \u2713Realtime inzicht \u2713Eenvoudig meten en analyseren\" \/>\n<meta property=\"og:url\" content=\"https:\/\/fleets-online.com\/en\/oplossingen\/\" \/>\n<meta property=\"og:site_name\" content=\"Fleets-Online\" \/>\n<meta property=\"article:modified_time\" content=\"2026-03-18T15:01:06+00:00\" \/>\n<meta name=\"twitter:card\" content=\"summary_large_image\" \/>\n<script type=\"application\/ld+json\" class=\"yoast-schema-graph\">{\"@context\":\"https:\\\/\\\/schema.org\",\"@graph\":[{\"@type\":\"WebPage\",\"@id\":\"https:\\\/\\\/fleets-online.com\\\/oplossingen\\\/\",\"url\":\"https:\\\/\\\/fleets-online.com\\\/oplossingen\\\/\",\"name\":\"Fleets-Online - E\u00e9n platform voor jouw complete fleetmanagement - Fleets-Online\",\"isPartOf\":{\"@id\":\"https:\\\/\\\/fleets-online.com\\\/#website\"},\"datePublished\":\"2024-11-04T15:35:45+00:00\",\"dateModified\":\"2026-03-18T15:01:06+00:00\",\"description\":\"Manage jouw mobiele bedrijfsmiddelen met \u00e9\u00e9n overkoepelend platform. \u2713Eigen dashboard \u2713Realtime inzicht \u2713Eenvoudig meten en analyseren\",\"breadcrumb\":{\"@id\":\"https:\\\/\\\/fleets-online.com\\\/oplossingen\\\/#breadcrumb\"},\"inLanguage\":\"en-US\",\"potentialAction\":[{\"@type\":\"ReadAction\",\"target\":[\"https:\\\/\\\/fleets-online.com\\\/oplossingen\\\/\"]}]},{\"@type\":\"BreadcrumbList\",\"@id\":\"https:\\\/\\\/fleets-online.com\\\/oplossingen\\\/#breadcrumb\",\"itemListElement\":[{\"@type\":\"ListItem\",\"position\":1,\"name\":\"Home\",\"item\":\"https:\\\/\\\/fleets-online.com\\\/\"},{\"@type\":\"ListItem\",\"position\":2,\"name\":\"Oplossingen\"}]},{\"@type\":\"WebSite\",\"@id\":\"https:\\\/\\\/fleets-online.com\\\/#website\",\"url\":\"https:\\\/\\\/fleets-online.com\\\/\",\"name\":\"Fleets-Online\",\"description\":\"Connecting fleets to the cloud\",\"publisher\":{\"@id\":\"https:\\\/\\\/fleets-online.com\\\/#organization\"},\"potentialAction\":[{\"@type\":\"SearchAction\",\"target\":{\"@type\":\"EntryPoint\",\"urlTemplate\":\"https:\\\/\\\/fleets-online.com\\\/?s={search_term_string}\"},\"query-input\":{\"@type\":\"PropertyValueSpecification\",\"valueRequired\":true,\"valueName\":\"search_term_string\"}}],\"inLanguage\":\"en-US\"},{\"@type\":\"Organization\",\"@id\":\"https:\\\/\\\/fleets-online.com\\\/#organization\",\"name\":\"Fleets-Online\",\"url\":\"https:\\\/\\\/fleets-online.com\\\/\",\"logo\":{\"@type\":\"ImageObject\",\"inLanguage\":\"en-US\",\"@id\":\"https:\\\/\\\/fleets-online.com\\\/#\\\/schema\\\/logo\\\/image\\\/\",\"url\":\"https:\\\/\\\/fleets-online.com\\\/wp-content\\\/uploads\\\/2024\\\/10\\\/fleets-online-logo.svg\",\"contentUrl\":\"https:\\\/\\\/fleets-online.com\\\/wp-content\\\/uploads\\\/2024\\\/10\\\/fleets-online-logo.svg\",\"caption\":\"Fleets-Online\"},\"image\":{\"@id\":\"https:\\\/\\\/fleets-online.com\\\/#\\\/schema\\\/logo\\\/image\\\/\"}}]}<\/script>\n<!-- \/ Yoast SEO plugin. -->","yoast_head_json":{"title":"Fleets-Online - E\u00e9n platform voor jouw complete fleetmanagement - Fleets-Online","description":"Manage jouw mobiele bedrijfsmiddelen met \u00e9\u00e9n overkoepelend platform. \u2713Eigen dashboard \u2713Realtime inzicht \u2713Eenvoudig meten en analyseren","robots":{"index":"index","follow":"follow","max-snippet":"max-snippet:-1","max-image-preview":"max-image-preview:large","max-video-preview":"max-video-preview:-1"},"canonical":"https:\/\/fleets-online.com\/en\/oplossingen\/","og_locale":"en_US","og_type":"article","og_title":"Fleets-Online - E\u00e9n platform voor jouw complete fleetmanagement - Fleets-Online","og_description":"Manage jouw mobiele bedrijfsmiddelen met \u00e9\u00e9n overkoepelend platform. \u2713Eigen dashboard \u2713Realtime inzicht \u2713Eenvoudig meten en analyseren","og_url":"https:\/\/fleets-online.com\/en\/oplossingen\/","og_site_name":"Fleets-Online","article_modified_time":"2026-03-18T15:01:06+00:00","twitter_card":"summary_large_image","schema":{"@context":"https:\/\/schema.org","@graph":[{"@type":"WebPage","@id":"https:\/\/fleets-online.com\/oplossingen\/","url":"https:\/\/fleets-online.com\/oplossingen\/","name":"Fleets-Online - E\u00e9n platform voor jouw complete fleetmanagement - Fleets-Online","isPartOf":{"@id":"https:\/\/fleets-online.com\/#website"},"datePublished":"2024-11-04T15:35:45+00:00","dateModified":"2026-03-18T15:01:06+00:00","description":"Manage jouw mobiele bedrijfsmiddelen met \u00e9\u00e9n overkoepelend platform. \u2713Eigen dashboard \u2713Realtime inzicht \u2713Eenvoudig meten en analyseren","breadcrumb":{"@id":"https:\/\/fleets-online.com\/oplossingen\/#breadcrumb"},"inLanguage":"en-US","potentialAction":[{"@type":"ReadAction","target":["https:\/\/fleets-online.com\/oplossingen\/"]}]},{"@type":"BreadcrumbList","@id":"https:\/\/fleets-online.com\/oplossingen\/#breadcrumb","itemListElement":[{"@type":"ListItem","position":1,"name":"Home","item":"https:\/\/fleets-online.com\/"},{"@type":"ListItem","position":2,"name":"Oplossingen"}]},{"@type":"WebSite","@id":"https:\/\/fleets-online.com\/#website","url":"https:\/\/fleets-online.com\/","name":"Fleets-Online","description":"Connecting fleets to the cloud","publisher":{"@id":"https:\/\/fleets-online.com\/#organization"},"potentialAction":[{"@type":"SearchAction","target":{"@type":"EntryPoint","urlTemplate":"https:\/\/fleets-online.com\/?s={search_term_string}"},"query-input":{"@type":"PropertyValueSpecification","valueRequired":true,"valueName":"search_term_string"}}],"inLanguage":"en-US"},{"@type":"Organization","@id":"https:\/\/fleets-online.com\/#organization","name":"Fleets-Online","url":"https:\/\/fleets-online.com\/","logo":{"@type":"ImageObject","inLanguage":"en-US","@id":"https:\/\/fleets-online.com\/#\/schema\/logo\/image\/","url":"https:\/\/fleets-online.com\/wp-content\/uploads\/2024\/10\/fleets-online-logo.svg","contentUrl":"https:\/\/fleets-online.com\/wp-content\/uploads\/2024\/10\/fleets-online-logo.svg","caption":"Fleets-Online"},"image":{"@id":"https:\/\/fleets-online.com\/#\/schema\/logo\/image\/"}}]}},"_links":{"self":[{"href":"https:\/\/fleets-online.com\/en\/wp-json\/wp\/v2\/pages\/788","targetHints":{"allow":["GET"]}}],"collection":[{"href":"https:\/\/fleets-online.com\/en\/wp-json\/wp\/v2\/pages"}],"about":[{"href":"https:\/\/fleets-online.com\/en\/wp-json\/wp\/v2\/types\/page"}],"author":[{"embeddable":true,"href":"https:\/\/fleets-online.com\/en\/wp-json\/wp\/v2\/users\/2"}],"replies":[{"embeddable":true,"href":"https:\/\/fleets-online.com\/en\/wp-json\/wp\/v2\/comments?post=788"}],"version-history":[{"count":21,"href":"https:\/\/fleets-online.com\/en\/wp-json\/wp\/v2\/pages\/788\/revisions"}],"predecessor-version":[{"id":2858,"href":"https:\/\/fleets-online.com\/en\/wp-json\/wp\/v2\/pages\/788\/revisions\/2858"}],"wp:attachment":[{"href":"https:\/\/fleets-online.com\/en\/wp-json\/wp\/v2\/media?parent=788"}],"curies":[{"name":"wp","href":"https:\/\/api.w.org\/{rel}","templated":true}]}}